{"id":11095,"date":"2018-02-04T15:43:20","date_gmt":"2018-02-04T15:43:20","guid":{"rendered":"http:\/\/rifetheme.com\/unicorn\/?page_id=11095"},"modified":"2025-10-16T17:40:31","modified_gmt":"2025-10-16T15:40:31","slug":"impressum","status":"publish","type":"page","link":"https:\/\/mysteryeffect.de\/?page_id=11095","title":{"rendered":"Impressum"},"content":{"rendered":"\t\t<div data-elementor-type=\"wp-post\" data-elementor-id=\"11095\" class=\"elementor elementor-11095\">\n\t\t\t\t\t\t<section class=\"elementor-section elementor-top-section elementor-element elementor-element-6962e2f0 elementor-section-stretched elementor-section-boxed elementor-section-height-default elementor-section-height-default\" data-id=\"6962e2f0\" data-element_type=\"section\" data-e-type=\"section\" data-settings=\"{&quot;stretch_section&quot;:&quot;section-stretched&quot;,&quot;background_background&quot;:&quot;classic&quot;}\">\n\t\t\t\t\t\t<div class=\"elementor-container elementor-column-gap-default\">\n\t\t\t\t\t<div class=\"elementor-column elementor-col-100 elementor-top-column elementor-element elementor-element-513d0c2\" data-id=\"513d0c2\" data-element_type=\"column\" data-e-type=\"column\">\n\t\t\t<div class=\"elementor-widget-wrap elementor-element-populated\">\n\t\t\t\t\t\t<div class=\"elementor-element elementor-element-15cdacec elementor-widget elementor-widget-heading\" data-id=\"15cdacec\" data-element_type=\"widget\" data-e-type=\"widget\" data-widget_type=\"heading.default\">\n\t\t\t\t\t<h2 class=\"elementor-heading-title elementor-size-default\">Impressum<\/h2>\t\t\t\t<\/div>\n\t\t\t\t\t<\/div>\n\t\t<\/div>\n\t\t\t\t\t<\/div>\n\t\t<\/section>\n\t\t<div class=\"elementor-element elementor-element-4abb81e e-flex e-con-boxed e-con e-parent\" data-id=\"4abb81e\" data-element_type=\"container\" data-e-type=\"container\">\n\t\t\t\t\t<div class=\"e-con-inner\">\n\t\t\t\t<div class=\"elementor-element elementor-element-5d8b4d7 elementor-widget elementor-widget-text-editor\" data-id=\"5d8b4d7\" data-element_type=\"widget\" data-e-type=\"widget\" data-widget_type=\"text-editor.default\">\n\t\t\t\t\t\t\t\t\t<p><strong>Angaben gem\u00e4\u00df \u00a7 5 TMG:<\/strong><br \/>MysteryEffect.de wird betrieben von:<br \/><strong>Nurlan Ellenschl\u00e4ger<\/strong><br \/>Heilbronner Str. 67<br \/>70191 Stuttgart<br \/>Deutschland<\/p><p><strong>Kontakt:<\/strong><br \/>E-Mail:\u00a0<a href=\"mailto:info@mysteryeffect.de\">info@mysteryeffect.de<\/a><\/p><p><strong>Bildrechte \/ Bildnachweise:<\/strong><br \/>Soweit nicht anders angegeben, liegen alle Bildrechte bei MysteryEffect.de. Fremde Bilder sind entsprechend gekennzeichnet.<\/p><h3>Hinweis auf Streitbeilegung<\/h3><p>Die Europ\u00e4ische Kommission stellt eine Plattform zur Online-Streitbeilegung (OS) bereit:\u00a0<a href=\"https:\/\/ec.europa.eu\/consumers\/odr\" target=\"_blank\" rel=\"noopener\">https:\/\/ec.europa.eu\/consumers\/odr<\/a>.<br \/>Wir sind nicht bereit und nicht verpflichtet, an einem Streitbeilegungsverfahren vor einer Verbraucherschlichtungsstelle teilzunehmen.<\/p><hr \/><h3>Disclaimer \u2013 rechtliche Hinweise<\/h3><h4>\u00a7 1 Haftung f\u00fcr Inhalte<\/h4><p>Die Inhalte dieser Website wurden mit gr\u00f6\u00dftm\u00f6glicher Sorgfalt erstellt. F\u00fcr die Richtigkeit, Vollst\u00e4ndigkeit und Aktualit\u00e4t der bereitgestellten Inhalte \u00fcbernehmen wir jedoch keine Gew\u00e4hr. Nach \u00a7\u00a7 8\u201310 TMG sind wir als Diensteanbieter nicht verpflichtet, \u00fcbermittelte oder gespeicherte fremde Informationen zu \u00fcberwachen oder nach Umst\u00e4nden zu forschen, die auf eine rechtswidrige T\u00e4tigkeit hinweisen. Verpflichtungen zur Entfernung oder Sperrung der Nutzung von Informationen nach den allgemeinen Gesetzen bleiben hiervon unber\u00fchrt. Eine diesbez\u00fcgliche Haftung ist jedoch erst ab dem Zeitpunkt der Kenntnis einer konkreten Rechtsverletzung m\u00f6glich. Bei Bekanntwerden entsprechender Rechtsverletzungen werden diese Inhalte umgehend entfernt.<\/p><h4>\u00a7 2 Externe Links<\/h4><p>Unsere Website enth\u00e4lt Links zu externen Websites Dritter, auf deren Inhalte wir keinen Einfluss haben. Deshalb k\u00f6nnen wir f\u00fcr diese fremden Inhalte auch keine Gew\u00e4hr \u00fcbernehmen. F\u00fcr die Inhalte der verlinkten Seiten ist stets der jeweilige Anbieter oder Betreiber der Seiten verantwortlich. Zum Zeitpunkt der Verlinkung wurden die verlinkten Seiten auf m\u00f6gliche Rechtsverst\u00f6\u00dfe \u00fcberpr\u00fcft; rechtswidrige Inhalte waren zum Zeitpunkt der Verlinkung nicht erkennbar. Eine permanente inhaltliche Kontrolle der verlinkten Seiten ist ohne konkrete Anhaltspunkte einer Rechtsverletzung nicht zumutbar. Bei Bekanntwerden von Rechtsverletzungen werden wir derartige Links umgehend entfernen.<\/p><h4>\u00a7 3 Urheber- und Leistungsschutzrechte<\/h4><p>Die auf dieser Website ver\u00f6ffentlichten Inhalte unterliegen dem deutschen Urheberrecht. Jede vom Urheberrechtsgesetz nicht zugelassene Verwertung bedarf der vorherigen schriftlichen Zustimmung des jeweiligen Rechteinhabers. Dies gilt insbesondere f\u00fcr Vervielf\u00e4ltigung, Bearbeitung, \u00dcbersetzung, Speicherung, Verarbeitung oder Wiedergabe von Inhalten in Datenbanken oder anderen elektronischen Medien und Systemen. Inhalte und Rechte Dritter sind als solche gekennzeichnet. Die unerlaubte Vervielf\u00e4ltigung oder Weitergabe einzelner Inhalte oder kompletter Seiten ist nicht gestattet und strafbar. Downloads und Kopien dieser Seite sind nur f\u00fcr den privaten, nicht kommerziellen Gebrauch gestattet.<\/p><p>Die Darstellung dieser Website in fremden Frames ist nur mit schriftlicher Erlaubnis zul\u00e4ssig.<\/p><h4>\u00a7 4 Besondere Nutzungsbedingungen<\/h4><p>Soweit besondere Bedingungen f\u00fcr einzelne Nutzungen dieser Website von den vorgenannten Paragraphen abweichen, wird an entsprechender Stelle ausdr\u00fccklich darauf hingewiesen. In diesem Fall gelten f\u00fcr den jeweiligen Einzelfall die besonderen Nutzungsbedingungen.<\/p>\t\t\t\t\t\t\t\t<\/div>\n\t\t\t\t\t<\/div>\n\t\t\t\t<\/div>\n\t\t\t\t<\/div>\n\t\t","protected":false},"excerpt":{"rendered":"<p>Impressum Angaben gem\u00e4\u00df \u00a7 5 TMG:MysteryEffect.de wird betrieben von:Nurlan Ellenschl\u00e4gerHeilbronner&hellip;<\/p>\n<p> <a class=\"more-link\" href=\"https:\/\/mysteryeffect.de\/?page_id=11095\">Weiterlesen<\/a><\/p>\n","protected":false},"author":1,"featured_media":0,"parent":0,"menu_order":0,"comment_status":"closed","ping_status":"closed","template":"","meta":{"footnotes":""},"class_list":["post-11095","page","type-page","status-publish"],"yoast_head":"<!-- This site is optimized with the Yoast SEO plugin v27.5 - https:\/\/yoast.com\/product\/yoast-seo-wordpress\/ -->\n<title>Impressum - Mystery Effect<\/title>\n<meta name=\"robots\" content=\"noindex, follow, max-snippet:-1, max-image-preview:large, max-video-preview:-1\" \/>\n<meta property=\"og:locale\" content=\"de_DE\" \/>\n<meta property=\"og:type\" content=\"article\" \/>\n<meta property=\"og:title\" content=\"Impressum - Mystery Effect\" \/>\n<meta property=\"og:description\" content=\"Impressum Angaben gem\u00e4\u00df \u00a7 5 TMG:MysteryEffect.de wird betrieben von:Nurlan Ellenschl\u00e4gerHeilbronner&hellip;  Weiterlesen\" \/>\n<meta property=\"og:url\" content=\"https:\/\/mysteryeffect.de\/?page_id=11095\" \/>\n<meta property=\"og:site_name\" content=\"Mystery Effect\" \/>\n<meta property=\"article:modified_time\" content=\"2025-10-16T15:40:31+00:00\" \/>\n<meta name=\"twitter:card\" content=\"summary_large_image\" \/>\n<meta name=\"twitter:label1\" content=\"Gesch\u00e4tzte Lesezeit\" \/>\n\t<meta name=\"twitter:data1\" content=\"3\u00a0Minuten\" \/>\n<script type=\"application\/ld+json\" class=\"yoast-schema-graph\">{\"@context\":\"https:\\\/\\\/schema.org\",\"@graph\":[{\"@type\":\"WebPage\",\"@id\":\"https:\\\/\\\/mysteryeffect.de\\\/?page_id=11095\",\"url\":\"https:\\\/\\\/mysteryeffect.de\\\/?page_id=11095\",\"name\":\"Impressum - Mystery Effect\",\"isPartOf\":{\"@id\":\"https:\\\/\\\/mysteryeffect.de\\\/#website\"},\"datePublished\":\"2018-02-04T15:43:20+00:00\",\"dateModified\":\"2025-10-16T15:40:31+00:00\",\"breadcrumb\":{\"@id\":\"https:\\\/\\\/mysteryeffect.de\\\/?page_id=11095#breadcrumb\"},\"inLanguage\":\"de\",\"potentialAction\":[{\"@type\":\"ReadAction\",\"target\":[\"https:\\\/\\\/mysteryeffect.de\\\/?page_id=11095\"]}]},{\"@type\":\"BreadcrumbList\",\"@id\":\"https:\\\/\\\/mysteryeffect.de\\\/?page_id=11095#breadcrumb\",\"itemListElement\":[{\"@type\":\"ListItem\",\"position\":1,\"name\":\"Startseite\",\"item\":\"https:\\\/\\\/mysteryeffect.de\\\/\"},{\"@type\":\"ListItem\",\"position\":2,\"name\":\"Impressum\"}]},{\"@type\":\"WebSite\",\"@id\":\"https:\\\/\\\/mysteryeffect.de\\\/#website\",\"url\":\"https:\\\/\\\/mysteryeffect.de\\\/\",\"name\":\"Mystery Effect\",\"description\":\"Das Geheimnis des Lebens\",\"potentialAction\":[{\"@type\":\"SearchAction\",\"target\":{\"@type\":\"EntryPoint\",\"urlTemplate\":\"https:\\\/\\\/mysteryeffect.de\\\/?s={search_term_string}\"},\"query-input\":{\"@type\":\"PropertyValueSpecification\",\"valueRequired\":true,\"valueName\":\"search_term_string\"}}],\"inLanguage\":\"de\"}]}<\/script>\n<!-- \/ Yoast SEO plugin. -->","yoast_head_json":{"title":"Impressum - Mystery Effect","robots":{"index":"noindex","follow":"follow","max-snippet":"max-snippet:-1","max-image-preview":"max-image-preview:large","max-video-preview":"max-video-preview:-1"},"og_locale":"de_DE","og_type":"article","og_title":"Impressum - Mystery Effect","og_description":"Impressum Angaben gem\u00e4\u00df \u00a7 5 TMG:MysteryEffect.de wird betrieben von:Nurlan Ellenschl\u00e4gerHeilbronner&hellip;  Weiterlesen","og_url":"https:\/\/mysteryeffect.de\/?page_id=11095","og_site_name":"Mystery Effect","article_modified_time":"2025-10-16T15:40:31+00:00","twitter_card":"summary_large_image","twitter_misc":{"Gesch\u00e4tzte Lesezeit":"3\u00a0Minuten"},"schema":{"@context":"https:\/\/schema.org","@graph":[{"@type":"WebPage","@id":"https:\/\/mysteryeffect.de\/?page_id=11095","url":"https:\/\/mysteryeffect.de\/?page_id=11095","name":"Impressum - Mystery Effect","isPartOf":{"@id":"https:\/\/mysteryeffect.de\/#website"},"datePublished":"2018-02-04T15:43:20+00:00","dateModified":"2025-10-16T15:40:31+00:00","breadcrumb":{"@id":"https:\/\/mysteryeffect.de\/?page_id=11095#breadcrumb"},"inLanguage":"de","potentialAction":[{"@type":"ReadAction","target":["https:\/\/mysteryeffect.de\/?page_id=11095"]}]},{"@type":"BreadcrumbList","@id":"https:\/\/mysteryeffect.de\/?page_id=11095#breadcrumb","itemListElement":[{"@type":"ListItem","position":1,"name":"Startseite","item":"https:\/\/mysteryeffect.de\/"},{"@type":"ListItem","position":2,"name":"Impressum"}]},{"@type":"WebSite","@id":"https:\/\/mysteryeffect.de\/#website","url":"https:\/\/mysteryeffect.de\/","name":"Mystery Effect","description":"Das Geheimnis des Lebens","potentialAction":[{"@type":"SearchAction","target":{"@type":"EntryPoint","urlTemplate":"https:\/\/mysteryeffect.de\/?s={search_term_string}"},"query-input":{"@type":"PropertyValueSpecification","valueRequired":true,"valueName":"search_term_string"}}],"inLanguage":"de"}]}},"_links":{"self":[{"href":"https:\/\/mysteryeffect.de\/index.php?rest_route=\/wp\/v2\/pages\/11095","targetHints":{"allow":["GET"]}}],"collection":[{"href":"https:\/\/mysteryeffect.de\/index.php?rest_route=\/wp\/v2\/pages"}],"about":[{"href":"https:\/\/mysteryeffect.de\/index.php?rest_route=\/wp\/v2\/types\/page"}],"author":[{"embeddable":true,"href":"https:\/\/mysteryeffect.de\/index.php?rest_route=\/wp\/v2\/users\/1"}],"replies":[{"embeddable":true,"href":"https:\/\/mysteryeffect.de\/index.php?rest_route=%2Fwp%2Fv2%2Fcomments&post=11095"}],"version-history":[{"count":10,"href":"https:\/\/mysteryeffect.de\/index.php?rest_route=\/wp\/v2\/pages\/11095\/revisions"}],"predecessor-version":[{"id":12994,"href":"https:\/\/mysteryeffect.de\/index.php?rest_route=\/wp\/v2\/pages\/11095\/revisions\/12994"}],"wp:attachment":[{"href":"https:\/\/mysteryeffect.de\/index.php?rest_route=%2Fwp%2Fv2%2Fmedia&parent=11095"}],"curies":[{"name":"wp","href":"https:\/\/api.w.org\/{rel}","templated":true}]}}